{"id":205,"date":"2025-02-20T22:54:46","date_gmt":"2025-02-20T21:54:46","guid":{"rendered":"https:\/\/roa.be\/bis\/?page_id=205"},"modified":"2026-05-10T17:11:06","modified_gmt":"2026-05-10T15:11:06","slug":"205-2","status":"publish","type":"page","link":"https:\/\/roa.be\/","title":{"rendered":""},"content":{"rendered":"\n<hr class=\"wp-block-separator has-alpha-channel-opacity\"\/>\n\n\n<div id=\"metaslider-id-86\" style=\"width: 100%; margin: 0 auto;\" class=\"ml-slider-3-109-0 metaslider metaslider-flex metaslider-86 ml-slider has-dots-nav ms-theme-default-base\" role=\"region\" aria-label=\"Banniere\" data-height=\"200\" data-width=\"700\">\n    <div id=\"metaslider_container_86\">\n        <div id=\"metaslider_86\">\n            <ul class='slides'>\n                <li style=\"display: block; width: 100%;\" class=\"slide-91 ms-image \" aria-roledescription=\"slide\" data-date=\"2025-02-20 15:04:00\" data-filename=\"41.png\" data-slide-type=\"image\"><img loading=\"lazy\" decoding=\"async\" src=\"https:\/\/roa.be\/wp-content\/uploads\/2025\/02\/41.png\" height=\"200\" width=\"700\" alt=\"\" class=\"slider-86 slide-91 msDefaultImage\" title=\"41\" \/><\/li>\n                <li style=\"display: none; width: 100%;\" class=\"slide-95 ms-image \" aria-roledescription=\"slide\" data-date=\"2025-02-20 15:04:00\" data-filename=\"Votre-texte-de-paragraphe-600x171.jpg\" data-slide-type=\"image\"><img loading=\"lazy\" decoding=\"async\" src=\"https:\/\/roa.be\/wp-content\/uploads\/2025\/08\/Votre-texte-de-paragraphe-600x171.jpg\" height=\"200\" width=\"700\" alt=\"\" class=\"slider-86 slide-95 msDefaultImage\" title=\"Votre texte de paragraphe\" \/><\/li>\n                <li style=\"display: none; width: 100%;\" class=\"slide-96 ms-image \" aria-roledescription=\"slide\" data-date=\"2025-02-20 15:04:00\" data-filename=\"9.png\" data-slide-type=\"image\"><img loading=\"lazy\" decoding=\"async\" src=\"https:\/\/roa.be\/wp-content\/uploads\/2025\/02\/9.png\" height=\"200\" width=\"700\" alt=\"\" class=\"slider-86 slide-96 msDefaultImage\" title=\"9\" \/><\/li>\n                <li style=\"display: none; width: 100%;\" class=\"slide-97 ms-image \" aria-roledescription=\"slide\" data-date=\"2025-02-20 15:04:00\" data-filename=\"8.png\" data-slide-type=\"image\"><img loading=\"lazy\" decoding=\"async\" src=\"https:\/\/roa.be\/wp-content\/uploads\/2025\/02\/8.png\" height=\"200\" width=\"700\" alt=\"\" class=\"slider-86 slide-97 msDefaultImage\" title=\"8\" \/><\/li>\n                <li style=\"display: none; width: 100%;\" class=\"slide-99 ms-image \" aria-roledescription=\"slide\" data-date=\"2025-02-20 15:04:00\" data-filename=\"1.png\" data-slide-type=\"image\"><img loading=\"lazy\" decoding=\"async\" src=\"https:\/\/roa.be\/wp-content\/uploads\/2025\/02\/1.png\" height=\"200\" width=\"700\" alt=\"\" class=\"slider-86 slide-99 msDefaultImage\" title=\"1\" \/><\/li>\n                <li style=\"display: none; width: 100%;\" class=\"slide-100 ms-image \" aria-roledescription=\"slide\" data-date=\"2025-02-20 15:04:00\" data-filename=\"26.png\" data-slide-type=\"image\"><img loading=\"lazy\" decoding=\"async\" src=\"https:\/\/roa.be\/wp-content\/uploads\/2025\/02\/26.png\" height=\"200\" width=\"700\" alt=\"\" class=\"slider-86 slide-100 msDefaultImage\" title=\"26\" \/><\/li>\n                <li style=\"display: none; width: 100%;\" class=\"slide-101 ms-image \" aria-roledescription=\"slide\" data-date=\"2025-02-20 15:04:00\" data-filename=\"52.png\" data-slide-type=\"image\"><img loading=\"lazy\" decoding=\"async\" src=\"https:\/\/roa.be\/wp-content\/uploads\/2025\/02\/52.png\" height=\"200\" width=\"700\" alt=\"\" class=\"slider-86 slide-101 msDefaultImage\" title=\"52\" \/><\/li>\n                <li style=\"display: none; width: 100%;\" class=\"slide-1101 ms-image \" aria-roledescription=\"slide\" data-date=\"2025-08-13 07:20:44\" data-filename=\"Le-reveille-de-ROA-600x171.jpg\" data-slide-type=\"image\"><img loading=\"lazy\" decoding=\"async\" src=\"https:\/\/roa.be\/wp-content\/uploads\/2025\/08\/Le-reveille-de-ROA-600x171.jpg\" height=\"200\" width=\"700\" alt=\"\" class=\"slider-86 slide-1101 msDefaultImage\" title=\"Le reveille de ROA\" \/><\/li>\n                <li style=\"display: none; width: 100%;\" class=\"slide-1129 ms-image \" aria-roledescription=\"slide\" data-date=\"2025-09-09 09:01:08\" data-filename=\"Mardi-600x171.jpg\" data-slide-type=\"image\"><img loading=\"lazy\" decoding=\"async\" src=\"https:\/\/roa.be\/wp-content\/uploads\/2025\/09\/Mardi-600x171.jpg\" height=\"200\" width=\"700\" alt=\"\" class=\"slider-86 slide-1129 msDefaultImage\" title=\"Mardi\" \/><\/li>\n                <li style=\"display: none; width: 100%;\" class=\"slide-1305 ms-image \" aria-roledescription=\"slide\" data-date=\"2025-11-27 14:03:55\" data-filename=\"Samedi-19h-20h-1-600x171.jpg\" data-slide-type=\"image\"><img loading=\"lazy\" decoding=\"async\" src=\"https:\/\/roa.be\/wp-content\/uploads\/2025\/11\/Samedi-19h-20h-1-600x171.jpg\" height=\"200\" width=\"700\" alt=\"\" class=\"slider-86 slide-1305 msDefaultImage\" title=\"Samedi 19h 20h (1)\" \/><\/li>\n            <\/ul>\n        <\/div>\n        \n    <\/div>\n<\/div>\n\n\n\n<p><\/p>\n\n\n\n<div class=\"wp-block-cover\"><img loading=\"lazy\" decoding=\"async\" width=\"1024\" height=\"683\" class=\"wp-block-cover__image-background wp-image-1501\" alt=\"\" src=\"https:\/\/roa.be\/wp-content\/uploads\/2026\/03\/galerie_vue-aerienne-1024x683-1.jpg\" data-object-fit=\"cover\" srcset=\"https:\/\/roa.be\/wp-content\/uploads\/2026\/03\/galerie_vue-aerienne-1024x683-1.jpg 1024w, https:\/\/roa.be\/wp-content\/uploads\/2026\/03\/galerie_vue-aerienne-1024x683-1-300x200.jpg 300w, https:\/\/roa.be\/wp-content\/uploads\/2026\/03\/galerie_vue-aerienne-1024x683-1-768x512.jpg 768w\" sizes=\"auto, (max-width: 1024px) 100vw, 1024px\" \/><span aria-hidden=\"true\" class=\"wp-block-cover__background has-background-dim\"><\/span><div class=\"wp-block-cover__inner-container is-layout-flow wp-block-cover-is-layout-flow\">\n<p>\ud83d\udcfb Invitation aux commer\u00e7ants de la r\u00e9gion<\/p>\n\n\n\n<p><strong>Vous \u00eates commer\u00e7ant, artisan ou entrepreneur dans la r\u00e9gion ?<\/strong><\/p>\n\n\n\n<p> <strong>Radio Ourthe Ambl\u00e8ve<\/strong> vous invite \u00e0 venir <strong>pr\u00e9senter votre entreprise dans nos studios<\/strong> lors d\u2019une interview conviviale.<\/p>\n\n\n\n<p>\ud83c\udf99 Lors de cette \u00e9mission, vous pourrez :<\/p>\n\n\n\n<ul class=\"wp-block-list\">\n<li>pr\u00e9senter votre commerce ou votre activit\u00e9<\/li>\n\n\n\n<li>parler de vos produits et services<\/li>\n\n\n\n<li>annoncer vos nouveaut\u00e9s ou \u00e9v\u00e9nements<\/li>\n\n\n\n<li>faire d\u00e9couvrir votre entreprise aux auditeurs de la r\u00e9gion<\/li>\n<\/ul>\n\n\n\n<p>L\u2019interview dure <strong>environ 15 \u00e0 20 minutes<\/strong> et se d\u00e9roule dans une ambiance simple et chaleureuse.<\/p>\n\n\n\n<p>\ud83d\udccd Enregistrement dans nos studios \u00e0 Sprimont.<\/p>\n\n\n\n<p>\ud83d\udc49 <strong> Pour mettre en valeur les commerces locaux.<\/strong><\/p>\n\n\n\n<p>\ud83d\udce9 Pour participer ou obtenir plus d\u2019informations, contactez-nous :<\/p>\n\n\n\n<p>Mobile : <strong>0491 73 91 85<\/strong><\/p>\n\n\n\n<p>Email : <a>roa@outlook.be<\/a><\/p>\n\n\n\n<p>T\u00e9l\u00e9phone : 04 382 22 58<\/p>\n<\/div><\/div>\n\n\n\n<p><\/p>\n\n\n\n<p><\/p>\n\n\n\n<p><\/p>\n\n\n\n<hr class=\"wp-block-separator has-alpha-channel-opacity\"\/>\n\n\n\n<div class=\"wp-block-media-text is-stacked-on-mobile\" style=\"grid-template-columns:44% auto\"><figure class=\"wp-block-media-text__media\"><img loading=\"lazy\" decoding=\"async\" width=\"526\" height=\"275\" src=\"https:\/\/roa.be\/wp-content\/uploads\/2026\/05\/Sabine-Lognoul-rollin-dance-1.jpg\" alt=\"\" class=\"wp-image-1593 size-full\" srcset=\"https:\/\/roa.be\/wp-content\/uploads\/2026\/05\/Sabine-Lognoul-rollin-dance-1.jpg 526w, https:\/\/roa.be\/wp-content\/uploads\/2026\/05\/Sabine-Lognoul-rollin-dance-1-300x157.jpg 300w\" sizes=\"auto, (max-width: 526px) 100vw, 526px\" \/><\/figure><div class=\"wp-block-media-text__content\">\n<p><strong>Nous recevrons ce vendredi Sabine Lognoul qui viendra nous parler de la 2\u00e8me \u00e9dition Rolling Dance qui se d\u00e9roulera le 31 mai 2026.Retrouvez Sabine sur le 106,2FM, en DAB+, sur roa.be et en visuel sur https:\/\/kick.com\/radioourtheambleve.<\/strong><\/p>\n<\/div><\/div>\n\n\n\n<p><\/p>\n\n\n\n<hr class=\"wp-block-separator has-alpha-channel-opacity\"\/>\n\n\n\n<p><\/p>\n\n\n\n<p><\/p>\n\n\n\n\n\n\n\n\n        <style>\n            #h5vp6a094d6a8e895 {  width: 100%; }        <\/style>\n        <div id=\"h5vp6a094d6a8e895\" class=\"pdp-wrapper pdp_initializer pdp_wrapper_default light\" data-settings=\"{&quot;options&quot;:{&quot;controls&quot;:[&quot;play&quot;,&quot;progress&quot;,&quot;current-time&quot;,&quot;mute&quot;,&quot;volume&quot;,&quot;settings&quot;,&quot;download&quot;],&quot;tooltips&quot;:{&quot;controls&quot;:true,&quot;seek&quot;:true},&quot;loop&quot;:{&quot;active&quot;:false}},&quot;infos&quot;:{&quot;share&quot;:true,&quot;shares&quot;:[&quot;facebook&quot;,&quot;twitter&quot;,&quot;linkedin&quot;,&quot;pinterest&quot;,&quot;stumbleupon&quot;,&quot;whatsapp&quot;,&quot;email&quot;],&quot;showCount&quot;:false,&quot;showLabel&quot;:false,&quot;skin&quot;:&quot;default&quot;}}\">\n                                <div id=\"\" class=\"row pdp-item pdf_player\">\n                                                    <div class=\"pdp_fet_img col-md-3\">\n                                <img decoding=\"async\" src=\"https:\/\/roa.be\/wp-content\/uploads\/2025\/02\/Charly-Brown-e1740229892690.jpg\" alt=\"Image\" \/>\n                            <\/div>\n                                                <div class=\"pdp_plyr_area col-md-9\">\n                                                            <h3 title=\"21-02-2025 Charly Brown\">21-02-2025 Charly Brown<\/h3>\n                                                        <div class=\"audioWrapper\">\n                                <audio class=\"podcast\" playsinline>\n                                    <source src=\"https:\/\/roa.be\/podcastings\/podcasts\/interviews\/21-02-2025%20Charly%20Brown.mp3\" type=\"audio\/mp3\" \/>\n                                    Your browser does not support the audio tag.\n                                <\/audio>\n                            <\/div>\n                            <div class=\"share\"><\/div>\n                        <\/div>\n                    <\/div>\n                    <\/div>\n\n\n\n\n\n\n\n<hr class=\"wp-block-separator has-alpha-channel-opacity\"\/>\n\n\n\n<div class=\"wp-block-group\"><div class=\"wp-block-group__inner-container is-layout-constrained wp-block-group-is-layout-constrained\">\n<div class=\"wp-block-columns is-layout-flex wp-container-core-columns-is-layout-9d6595d7 wp-block-columns-is-layout-flex\">\n<div class=\"wp-block-column is-layout-flow wp-block-column-is-layout-flow\" style=\"flex-basis:50%\">\n<div style=\"position:relative;display:inline-block;\">\n\n<a href=\"https:\/\/kick.com\/radioourtheambleve\" target=\"_blank\"\nstyle=\"\ndisplay:flex;\nalign-items:center;\ngap:12px;\nbackground:linear-gradient(135deg, #0057ff 0%, #003bbd 50%, #002a8a 100%);\ncolor:#ffffff;\nfont-weight:800;\npadding:14px 22px;\nborder-radius:12px;\ntext-decoration:none;\nfont-size:18px;\nborder:3px solid #ffdd00;\nbox-shadow:0 8px 20px rgba(0,0,0,0.45);\nposition:relative;\noverflow:hidden;\ntransition:all 0.3s ease;\nmax-width:260px;\n\">\n\n<span style=\"\ndisplay:inline-block;\nbackground:#53fc18;\ncolor:#000;\nfont-weight:900;\npadding:6px 10px;\nborder-radius:6px;\nfont-size:16px;\nbox-shadow:0 0 10px rgba(83,252,24,0.6);\n\">\nK\n<\/span>\n\n<span>LIVE ROA sur Kick<\/span>\n\n<div style=\"\nposition:absolute;\ntop:0;\nleft:-120%;\nwidth:200%;\nheight:100%;\nbackground:linear-gradient(120deg, rgba(255,255,255,0.15) 0%, rgba(255,255,255,0.02) 60%);\ntransform:skewX(-20deg);\nanimation:shine 3s infinite;\n\"><\/div>\n\n<\/a>\n\n<\/div>\n\n<style>\n@keyframes shine {\n  0% { left:-150%; }\n  50% { left:150%; }\n  100% { left:150%; }\n}\n\na:hover {\n    background:linear-gradient(135deg, #0046cc 0%, #002f99 50%, #001f66 100%) !important;\n    transform:translateY(-4px) scale(1.02);\n    box-shadow:0 12px 26px rgba(0,0,0,0.50);\n}\n<\/style>\n<\/div>\n\n\n\n<div class=\"wp-block-column is-layout-flow wp-block-column-is-layout-flow\" style=\"flex-basis:50%\">\n<a href=\"https:\/\/www.aywaille.be\/fr\/sitemap\" target=\"_blank\"\n   style=\"display:inline-flex; align-items:center; gap:8px;\n          padding:10px 18px; background:#003366; color:white;\n          text-decoration:none; border-radius:4px; font-weight:bold;\n          font-family:Arial, sans-serif; font-size:15px;\n          box-shadow:0 2px 4px rgba(0,0,0,0.2);\n          transition:0.3s;\"\n   onmouseover=\"this.style.background='#00264d';\"\n   onmouseout=\"this.style.background='#003366';\">\n    <span style=\"font-size:18px;\">\ud83d\udccd<\/span>\n    <span>Plan du site \u2013 Aywaille<\/span>\n<\/a>\n<\/div>\n<\/div>\n<\/div><\/div>\n\n\n\n<a href=\"https:\/\/www.sprimont.be\/loisirs\/tourisme\" target=\"_blank\"\n   style=\"display:inline-flex; align-items:center; gap:8px;\n          padding:10px 18px; background:#006699; color:white;\n          text-decoration:none; border-radius:6px; font-weight:bold;\n          font-family:Arial, sans-serif; font-size:15px;\n          box-shadow:0 2px 4px rgba(0,0,0,0.2); transition:0.3s;\">\n    <span style=\"font-size:18px;\">\ud83e\udded<\/span>\n    <span>Tourisme \u00e0 Sprimont<\/span>\n<\/a>\n\n\n\n<hr class=\"wp-block-separator has-alpha-channel-opacity\"\/>\n\n\n\n<div class=\"wp-block-columns is-layout-flex wp-container-core-columns-is-layout-9d6595d7 wp-block-columns-is-layout-flex\">\n<div class=\"wp-block-column is-layout-flow wp-block-column-is-layout-flow\" style=\"flex-basis:33.33%\">\n<figure class=\"wp-block-image size-large\"><img decoding=\"async\" src=\"https:\/\/roa.be\/wp-content\/uploads\/2025\/02\/2pro-ject-e1-phono-black-om5e_w800_h600.jpeg\" alt=\"\"\/><\/figure>\n<\/div>\n\n\n\n<div class=\"wp-block-column is-vertically-aligned-center is-layout-flow wp-block-column-is-layout-flow\" style=\"flex-basis:66.66%\">\n<p><strong><em>Les disques \u00e0 la demande comme chaque dimanche de 9h-12h.<br>En compagnie de Marina et Marcel&#8230;<\/em><\/strong><br><\/p>\n\n\n\n<p><strong><em>Faite votre demande en ligne, Suivez le lien<\/em> &gt;&gt;&gt;<\/strong> <a href=\"https:\/\/roa.be\/?page_id=61\" data-type=\"page\" data-id=\"61\"><em><strong>cliquez ici<\/strong><\/em><\/a><\/p>\n<\/div>\n<\/div>\n\n\n\n<hr class=\"wp-block-separator has-alpha-channel-opacity\"\/>\n\n\n","protected":false},"excerpt":{"rendered":"<div class=\"mh-excerpt\"><p>Nous recevrons ce vendredi Sabine Lognoul qui viendra nous parler de la 2\u00e8me \u00e9dition Rolling Dance qui se d\u00e9roulera le 31 mai 2026.Retrouvez Sabine sur <a class=\"mh-excerpt-more\" href=\"https:\/\/roa.be\/\" title=\"\">[&#8230;]<\/a><\/p>\n<\/div>","protected":false},"author":1,"featured_media":0,"parent":0,"menu_order":0,"comment_status":"closed","ping_status":"closed","template":"template-full.php","meta":{"footnotes":""},"class_list":["post-205","page","type-page","status-publish","hentry"],"_links":{"self":[{"href":"https:\/\/roa.be\/index.php?rest_route=\/wp\/v2\/pages\/205","targetHints":{"allow":["GET"]}}],"collection":[{"href":"https:\/\/roa.be\/index.php?rest_route=\/wp\/v2\/pages"}],"about":[{"href":"https:\/\/roa.be\/index.php?rest_route=\/wp\/v2\/types\/page"}],"author":[{"embeddable":true,"href":"https:\/\/roa.be\/index.php?rest_route=\/wp\/v2\/users\/1"}],"replies":[{"embeddable":true,"href":"https:\/\/roa.be\/index.php?rest_route=%2Fwp%2Fv2%2Fcomments&post=205"}],"version-history":[{"count":96,"href":"https:\/\/roa.be\/index.php?rest_route=\/wp\/v2\/pages\/205\/revisions"}],"predecessor-version":[{"id":1594,"href":"https:\/\/roa.be\/index.php?rest_route=\/wp\/v2\/pages\/205\/revisions\/1594"}],"wp:attachment":[{"href":"https:\/\/roa.be\/index.php?rest_route=%2Fwp%2Fv2%2Fmedia&parent=205"}],"curies":[{"name":"wp","href":"https:\/\/api.w.org\/{rel}","templated":true}]}}